{"id":668,"date":"2026-01-14T12:52:49","date_gmt":"2026-01-14T12:52:49","guid":{"rendered":"https:\/\/prinz-sucht-prinzessin.de\/magazin\/?page_id=668"},"modified":"2026-01-14T12:52:49","modified_gmt":"2026-01-14T12:52:49","slug":"singlereisen","status":"publish","type":"page","link":"https:\/\/prinz-sucht-prinzessin.de\/magazin\/singlereisen\/","title":{"rendered":"Singlereisen"},"content":{"rendered":"<p>Singlereisen<\/p>\n","protected":false},"excerpt":{"rendered":"<p>Singlereisen<\/p>\n","protected":false},"author":2,"featured_media":0,"parent":0,"menu_order":0,"comment_status":"closed","ping_status":"closed","template":"","meta":{"footnotes":""},"class_list":["post-668","page","type-page","status-publish","hentry"],"yoast_head":"<!-- This site is optimized with the Yoast SEO plugin v26.8 - https:\/\/yoast.com\/product\/yoast-seo-wordpress\/ -->\n<title>Singlereisen auf Prinz sucht Prinzessin.de \u2764 Singleb\u00f6rse und Partnersuche<\/title>\n<meta name=\"description\" content=\"Singlereisen auf Prinz sucht Prinzessin.de \u2764 Singleb\u00f6rse und Partnersuche. \u00dcber 500.000 gepr\u00fcfte Singles tummeln sich zum Online Dating bei uns\" \/>\n<meta name=\"robots\" content=\"index, follow, max-snippet:-1, max-image-preview:large, max-video-preview:-1\" \/>\n<link rel=\"canonical\" href=\"https:\/\/prinz-sucht-prinzessin.de\/magazin\/singlereisen\/\" \/>\n<meta property=\"og:locale\" content=\"de_DE\" \/>\n<meta property=\"og:type\" content=\"article\" \/>\n<meta property=\"og:title\" content=\"Singlereisen auf Prinz sucht Prinzessin.de \u2764 Singleb\u00f6rse und Partnersuche\" \/>\n<meta property=\"og:description\" content=\"Singlereisen auf Prinz sucht Prinzessin.de \u2764 Singleb\u00f6rse und Partnersuche. \u00dcber 500.000 gepr\u00fcfte Singles tummeln sich zum Online Dating bei uns\" \/>\n<meta property=\"og:url\" content=\"https:\/\/prinz-sucht-prinzessin.de\/magazin\/singlereisen\/\" \/>\n<meta property=\"og:site_name\" content=\"Singleb\u00f6rse und Partnersuche auf Prinz-sucht-Prinzessin.de\" \/>\n<meta name=\"twitter:card\" content=\"summary_large_image\" \/>\n<script type=\"application\/ld+json\" class=\"yoast-schema-graph\">{\"@context\":\"https:\/\/schema.org\",\"@graph\":[{\"@type\":\"WebPage\",\"@id\":\"https:\/\/prinz-sucht-prinzessin.de\/magazin\/singlereisen\/\",\"url\":\"https:\/\/prinz-sucht-prinzessin.de\/magazin\/singlereisen\/\",\"name\":\"Singlereisen auf Prinz sucht Prinzessin.de \u2764 Singleb\u00f6rse und Partnersuche\",\"isPartOf\":{\"@id\":\"https:\/\/prinz-sucht-prinzessin.de\/magazin\/#website\"},\"datePublished\":\"2026-01-14T12:52:49+00:00\",\"description\":\"Singlereisen auf Prinz sucht Prinzessin.de \u2764 Singleb\u00f6rse und Partnersuche. \u00dcber 500.000 gepr\u00fcfte Singles tummeln sich zum Online Dating bei uns\",\"breadcrumb\":{\"@id\":\"https:\/\/prinz-sucht-prinzessin.de\/magazin\/singlereisen\/#breadcrumb\"},\"inLanguage\":\"de\",\"potentialAction\":[{\"@type\":\"ReadAction\",\"target\":[\"https:\/\/prinz-sucht-prinzessin.de\/magazin\/singlereisen\/\"]}]},{\"@type\":\"BreadcrumbList\",\"@id\":\"https:\/\/prinz-sucht-prinzessin.de\/magazin\/singlereisen\/#breadcrumb\",\"itemListElement\":[{\"@type\":\"ListItem\",\"position\":1,\"name\":\"Startseite\",\"item\":\"https:\/\/prinz-sucht-prinzessin.de\/magazin\/\"},{\"@type\":\"ListItem\",\"position\":2,\"name\":\"Singlereisen\"}]},{\"@type\":\"WebSite\",\"@id\":\"https:\/\/prinz-sucht-prinzessin.de\/magazin\/#website\",\"url\":\"https:\/\/prinz-sucht-prinzessin.de\/magazin\/\",\"name\":\"Singleb\u00f6rse und Partnersuche auf Prinz-sucht-Prinzessin.de\",\"description\":\"dein m\u00e4rchenhaftes Flirt und Dating Portal\",\"publisher\":{\"@id\":\"https:\/\/prinz-sucht-prinzessin.de\/magazin\/#organization\"},\"potentialAction\":[{\"@type\":\"SearchAction\",\"target\":{\"@type\":\"EntryPoint\",\"urlTemplate\":\"https:\/\/prinz-sucht-prinzessin.de\/magazin\/?s={search_term_string}\"},\"query-input\":{\"@type\":\"PropertyValueSpecification\",\"valueRequired\":true,\"valueName\":\"search_term_string\"}}],\"inLanguage\":\"de\"},{\"@type\":\"Organization\",\"@id\":\"https:\/\/prinz-sucht-prinzessin.de\/magazin\/#organization\",\"name\":\"Singleb\u00f6rse und Partnersuche - Prinz sucht Prinzessin.de\",\"url\":\"https:\/\/prinz-sucht-prinzessin.de\/magazin\/\",\"logo\":{\"@type\":\"ImageObject\",\"inLanguage\":\"de\",\"@id\":\"https:\/\/prinz-sucht-prinzessin.de\/magazin\/#\/schema\/logo\/image\/\",\"url\":\"https:\/\/prinz-sucht-prinzessin.de\/magazin\/wp-content\/uploads\/2022\/01\/prinz-sucht-prinessin-logo.png\",\"contentUrl\":\"https:\/\/prinz-sucht-prinzessin.de\/magazin\/wp-content\/uploads\/2022\/01\/prinz-sucht-prinessin-logo.png\",\"width\":500,\"height\":116,\"caption\":\"Singleb\u00f6rse und Partnersuche - Prinz sucht Prinzessin.de\"},\"image\":{\"@id\":\"https:\/\/prinz-sucht-prinzessin.de\/magazin\/#\/schema\/logo\/image\/\"}}]}<\/script>\n<!-- \/ Yoast SEO plugin. -->","yoast_head_json":{"title":"Singlereisen auf Prinz sucht Prinzessin.de \u2764 Singleb\u00f6rse und Partnersuche","description":"Singlereisen auf Prinz sucht Prinzessin.de \u2764 Singleb\u00f6rse und Partnersuche. \u00dcber 500.000 gepr\u00fcfte Singles tummeln sich zum Online Dating bei uns","robots":{"index":"index","follow":"follow","max-snippet":"max-snippet:-1","max-image-preview":"max-image-preview:large","max-video-preview":"max-video-preview:-1"},"canonical":"https:\/\/prinz-sucht-prinzessin.de\/magazin\/singlereisen\/","og_locale":"de_DE","og_type":"article","og_title":"Singlereisen auf Prinz sucht Prinzessin.de \u2764 Singleb\u00f6rse und Partnersuche","og_description":"Singlereisen auf Prinz sucht Prinzessin.de \u2764 Singleb\u00f6rse und Partnersuche. \u00dcber 500.000 gepr\u00fcfte Singles tummeln sich zum Online Dating bei uns","og_url":"https:\/\/prinz-sucht-prinzessin.de\/magazin\/singlereisen\/","og_site_name":"Singleb\u00f6rse und Partnersuche auf Prinz-sucht-Prinzessin.de","twitter_card":"summary_large_image","schema":{"@context":"https:\/\/schema.org","@graph":[{"@type":"WebPage","@id":"https:\/\/prinz-sucht-prinzessin.de\/magazin\/singlereisen\/","url":"https:\/\/prinz-sucht-prinzessin.de\/magazin\/singlereisen\/","name":"Singlereisen auf Prinz sucht Prinzessin.de \u2764 Singleb\u00f6rse und Partnersuche","isPartOf":{"@id":"https:\/\/prinz-sucht-prinzessin.de\/magazin\/#website"},"datePublished":"2026-01-14T12:52:49+00:00","description":"Singlereisen auf Prinz sucht Prinzessin.de \u2764 Singleb\u00f6rse und Partnersuche. \u00dcber 500.000 gepr\u00fcfte Singles tummeln sich zum Online Dating bei uns","breadcrumb":{"@id":"https:\/\/prinz-sucht-prinzessin.de\/magazin\/singlereisen\/#breadcrumb"},"inLanguage":"de","potentialAction":[{"@type":"ReadAction","target":["https:\/\/prinz-sucht-prinzessin.de\/magazin\/singlereisen\/"]}]},{"@type":"BreadcrumbList","@id":"https:\/\/prinz-sucht-prinzessin.de\/magazin\/singlereisen\/#breadcrumb","itemListElement":[{"@type":"ListItem","position":1,"name":"Startseite","item":"https:\/\/prinz-sucht-prinzessin.de\/magazin\/"},{"@type":"ListItem","position":2,"name":"Singlereisen"}]},{"@type":"WebSite","@id":"https:\/\/prinz-sucht-prinzessin.de\/magazin\/#website","url":"https:\/\/prinz-sucht-prinzessin.de\/magazin\/","name":"Singleb\u00f6rse und Partnersuche auf Prinz-sucht-Prinzessin.de","description":"dein m\u00e4rchenhaftes Flirt und Dating Portal","publisher":{"@id":"https:\/\/prinz-sucht-prinzessin.de\/magazin\/#organization"},"potentialAction":[{"@type":"SearchAction","target":{"@type":"EntryPoint","urlTemplate":"https:\/\/prinz-sucht-prinzessin.de\/magazin\/?s={search_term_string}"},"query-input":{"@type":"PropertyValueSpecification","valueRequired":true,"valueName":"search_term_string"}}],"inLanguage":"de"},{"@type":"Organization","@id":"https:\/\/prinz-sucht-prinzessin.de\/magazin\/#organization","name":"Singleb\u00f6rse und Partnersuche - Prinz sucht Prinzessin.de","url":"https:\/\/prinz-sucht-prinzessin.de\/magazin\/","logo":{"@type":"ImageObject","inLanguage":"de","@id":"https:\/\/prinz-sucht-prinzessin.de\/magazin\/#\/schema\/logo\/image\/","url":"https:\/\/prinz-sucht-prinzessin.de\/magazin\/wp-content\/uploads\/2022\/01\/prinz-sucht-prinessin-logo.png","contentUrl":"https:\/\/prinz-sucht-prinzessin.de\/magazin\/wp-content\/uploads\/2022\/01\/prinz-sucht-prinessin-logo.png","width":500,"height":116,"caption":"Singleb\u00f6rse und Partnersuche - Prinz sucht Prinzessin.de"},"image":{"@id":"https:\/\/prinz-sucht-prinzessin.de\/magazin\/#\/schema\/logo\/image\/"}}]}},"_links":{"self":[{"href":"https:\/\/prinz-sucht-prinzessin.de\/magazin\/wp-json\/wp\/v2\/pages\/668","targetHints":{"allow":["GET"]}}],"collection":[{"href":"https:\/\/prinz-sucht-prinzessin.de\/magazin\/wp-json\/wp\/v2\/pages"}],"about":[{"href":"https:\/\/prinz-sucht-prinzessin.de\/magazin\/wp-json\/wp\/v2\/types\/page"}],"author":[{"embeddable":true,"href":"https:\/\/prinz-sucht-prinzessin.de\/magazin\/wp-json\/wp\/v2\/users\/2"}],"replies":[{"embeddable":true,"href":"https:\/\/prinz-sucht-prinzessin.de\/magazin\/wp-json\/wp\/v2\/comments?post=668"}],"version-history":[{"count":1,"href":"https:\/\/prinz-sucht-prinzessin.de\/magazin\/wp-json\/wp\/v2\/pages\/668\/revisions"}],"predecessor-version":[{"id":669,"href":"https:\/\/prinz-sucht-prinzessin.de\/magazin\/wp-json\/wp\/v2\/pages\/668\/revisions\/669"}],"wp:attachment":[{"href":"https:\/\/prinz-sucht-prinzessin.de\/magazin\/wp-json\/wp\/v2\/media?parent=668"}],"curies":[{"name":"wp","href":"https:\/\/api.w.org\/{rel}","templated":true}]}}